{"id":149,"date":"2025-07-01T10:36:02","date_gmt":"2025-07-01T10:36:02","guid":{"rendered":"https:\/\/www.sativanol.es\/?post_type=product&#038;p=149"},"modified":"2025-12-03T11:15:57","modified_gmt":"2025-12-03T11:15:57","slug":"vapeador-gelato-sativanol","status":"publish","type":"product","link":"https:\/\/www.sativanol.es\/index.php\/producto\/vapeador-gelato-sativanol\/","title":{"rendered":"Vapeador Gelato Sativanol"},"content":{"rendered":"<div class=\"woocommerce-tabs wc-tabs-wrapper\">\n<div id=\"tab-description\" class=\"woocommerce-Tabs-panel woocommerce-Tabs-panel--description panel entry-content wc-tab\" role=\"tabpanel\" aria-labelledby=\"tab-title-description\">\n<h1 data-start=\"190\" data-end=\"277\"><span style=\"font-family: poppins-normal;\"><strong data-start=\"190\" data-end=\"277\">Vapeador STV Gelato (Sativanol)\u00a0<\/strong><\/span><\/h1>\n<p data-start=\"262\" data-end=\"681\"><span style=\"font-family: poppins-normal;\">Disfruta del\u00a0<strong data-start=\"275\" data-end=\"310\">Vapeador STV Gelato<\/strong>, un vapeador desechable con\u00a0<strong data-start=\"339\" data-end=\"358\">Sativanol (STV)<\/strong>, un cannabinoide semisint\u00e9tico de nueva generaci\u00f3n que aporta claridad mental y bienestar. Con <b>65% de STV <\/b>, este vape ofrece un perfil arom\u00e1tico intenso, terroso y herbal, fiel a la gen\u00e9tica\u00a0<strong data-start=\"580\" data-end=\"590\">Gelato<\/strong>, una de las variedades de cannabis m\u00e1s reconocidas por su car\u00e1cter equilibrado y profundo.<\/span><\/p>\n<h2><span style=\"font-family: poppins-normal;\"><strong>\u00bfQu\u00e9 es STV?<\/strong><\/span><\/h2>\n<p><span style=\"font-family: poppins-normal;\"><strong>STV \u2013 El Sativanol<\/strong>\u00a0es un\u00a0<strong>derivado del c\u00e1\u00f1amo de \u00faltima generaci\u00f3n y de reciente descubrimiento<\/strong>, un cannabinoide semisint\u00e9tico dise\u00f1ado para ofrecer una potencia y funcionalidad incomparables. Es totalmente \u00fanico: proporciona euforia pura, claridad mental tipo Sativa y una sensaci\u00f3n de bienestar elevada. STV ofrece una experiencia estimulante sin contener THC, THCP, HHC ni ning\u00fan an\u00e1logo tradicional.<\/span><\/p>\n<h2 data-start=\"939\" data-end=\"970\"><span style=\"font-family: poppins-normal;\">Caracter\u00edsticas principales del\u00a0<strong data-start=\"190\" data-end=\"277\">Vaper STV Gelato<\/strong><\/span><\/h2>\n<ul data-start=\"972\" data-end=\"1362\">\n<li data-start=\"972\" data-end=\"1059\">\n<p data-start=\"974\" data-end=\"1059\"><span style=\"font-family: poppins-normal;\"><strong data-start=\"974\" data-end=\"997\">Alta concentraci\u00f3n:<\/strong> 65% STV para una experiencia potente y equilibrada.<\/span><\/p>\n<\/li>\n<li data-start=\"1060\" data-end=\"1155\">\n<p data-start=\"1062\" data-end=\"1155\"><span style=\"font-family: poppins-normal;\"><strong data-start=\"1062\" data-end=\"1090\">Sin tolerancia conocida:<\/strong>\u00a0Mantiene sus efectos constantes sin necesidad de aumentar dosis.<\/span><\/p>\n<\/li>\n<li data-start=\"1156\" data-end=\"1256\">\n<p data-start=\"1158\" data-end=\"1256\"><span style=\"font-family: poppins-normal;\"><strong data-start=\"1158\" data-end=\"1193\">Inicio r\u00e1pido y duraci\u00f3n media:<\/strong>\u00a0Los efectos se sienten en 10-30 minutos y duran hasta 4 horas.<\/span><\/p>\n<\/li>\n<li data-start=\"1257\" data-end=\"1362\">\n<p data-start=\"1259\" data-end=\"1362\"><span style=\"font-family: poppins-normal;\"><strong data-start=\"1259\" data-end=\"1279\">Sabor aut\u00e9ntico:<\/strong>\u00a0Sabor intenso a cannabis de la variedad Gelato.<\/span><\/p>\n<\/li>\n<\/ul>\n<h2 data-start=\"1364\" data-end=\"1399\"><span style=\"font-family: poppins-normal;\">\u00bfQu\u00e9 es un vapeador desechable?<\/span><\/h2>\n<p data-start=\"1401\" data-end=\"1568\"><span style=\"font-family: poppins-normal;\">Un dispositivo pr\u00e1ctico y listo para usar, sin necesidad de recarga o mantenimiento. Perfecto para llevar contigo y disfrutar en cualquier momento con total comodidad.<\/span><\/p>\n<h2 data-start=\"1882\" data-end=\"1927\"><span style=\"font-family: poppins-normal;\">\u00bfC\u00f3mo usar el Vapeador?<\/span><\/h2>\n<p data-start=\"1929\" data-end=\"2099\"><span style=\"font-family: poppins-normal;\">Simplemente retira el vapeador de su embalaje y comienza a inhalar suavemente. Para conservar su calidad, gu\u00e1rdalo en un lugar fresco, seco y protegido de la luz directa<\/span><\/p>\n<h2 data-start=\"2101\" data-end=\"2126\"><span style=\"font-family: poppins-normal;\">Seguridad y Legalidad<\/span><\/h2>\n<p data-start=\"2128\" data-end=\"2368\"><span style=\"font-family: poppins-normal;\">Este producto es de colecci\u00f3n y no est\u00e1 destinado para consumo directo o fumar. Cumple con la legislaci\u00f3n vigente en Espa\u00f1a y no contiene sustancias prohibidas ni THC. Se recomienda no conducir ni operar maquinaria pesada despu\u00e9s de su uso.<\/span><\/p>\n<\/div>\n<\/div>\n","protected":false},"excerpt":{"rendered":"<p><strong><span style=\"font-family: poppins-normal;\">Disfruta del Vapeador STV Gelato, un vapeador desechable con Sativanol (STV), un cannabinoide semisint\u00e9tico de nueva generaci\u00f3n que aporta claridad mental y bienestar. Con 65% de STV , este vape ofrece un perfil arom\u00e1tico intenso, terroso y herbal, fiel a la gen\u00e9tica Gelato, una de las variedades de cannabis m\u00e1s reconocidas por su car\u00e1cter equilibrado y profundo.<\/span><\/strong><\/p>\n","protected":false},"featured_media":456,"comment_status":"open","ping_status":"closed","template":"","meta":{"_themeisle_gutenberg_block_has_review":false},"product_brand":[],"product_cat":[21],"product_tag":[],"class_list":{"0":"post-149","1":"product","2":"type-product","3":"status-publish","4":"has-post-thumbnail","6":"product_cat-vapers","8":"first","9":"instock","10":"taxable","11":"shipping-taxable","12":"purchasable","13":"product-type-variable"},"_links":{"self":[{"href":"https:\/\/www.sativanol.es\/index.php\/wp-json\/wp\/v2\/product\/149","targetHints":{"allow":["GET"]}}],"collection":[{"href":"https:\/\/www.sativanol.es\/index.php\/wp-json\/wp\/v2\/product"}],"about":[{"href":"https:\/\/www.sativanol.es\/index.php\/wp-json\/wp\/v2\/types\/product"}],"replies":[{"embeddable":true,"href":"https:\/\/www.sativanol.es\/index.php\/wp-json\/wp\/v2\/comments?post=149"}],"wp:featuredmedia":[{"embeddable":true,"href":"https:\/\/www.sativanol.es\/index.php\/wp-json\/wp\/v2\/media\/456"}],"wp:attachment":[{"href":"https:\/\/www.sativanol.es\/index.php\/wp-json\/wp\/v2\/media?parent=149"}],"wp:term":[{"taxonomy":"product_brand","embeddable":true,"href":"https:\/\/www.sativanol.es\/index.php\/wp-json\/wp\/v2\/product_brand?post=149"},{"taxonomy":"product_cat","embeddable":true,"href":"https:\/\/www.sativanol.es\/index.php\/wp-json\/wp\/v2\/product_cat?post=149"},{"taxonomy":"product_tag","embeddable":true,"href":"https:\/\/www.sativanol.es\/index.php\/wp-json\/wp\/v2\/product_tag?post=149"}],"curies":[{"name":"wp","href":"https:\/\/api.w.org\/{rel}","templated":true}]}}