{"id":791,"date":"2026-03-19T07:14:20","date_gmt":"2026-03-19T07:14:20","guid":{"rendered":"https:\/\/www.sativanol.es\/?post_type=product&#038;p=791"},"modified":"2026-03-19T07:46:21","modified_gmt":"2026-03-19T07:46:21","slug":"flor-gorilla-glue-cbd","status":"publish","type":"product","link":"https:\/\/www.sativanol.es\/index.php\/producto\/flor-gorilla-glue-cbd\/","title":{"rendered":"Flor Gorilla Glue CBD"},"content":{"rendered":"<section class=\"product-description\">\n<h1><span style=\"font-family: poppins-normal;\">Gorilla Glue CBD<\/span><\/h1>\n<p><span style=\"font-family: poppins-normal;\"><strong>Gorilla Glue CBD de Sativanol.es<\/strong> es una planta que sorprende por sus caracter\u00edsticas, gran sabor muy intenso, aunque su olor no la desenmascare, una vez se empieza a consumir el sabor c\u00edtrico se hace muy notable a\u00f1adi\u00e9ndole regusto a pino con toques diesel y terrosos. Una variedad que no te dejar\u00e1 indiferente.<\/span><\/p>\n<h2><span style=\"font-family: poppins-normal;\"><strong>\u00bfQu\u00e9 es CBD o Cannabidiol?<\/strong><\/span><\/h2>\n<p><span style=\"font-family: poppins-normal;\">El\u00a0cannabidiol (CBD) es un compuesto natural no psicotr\u00f3pico extra\u00eddo de la planta Cannabis Sativa L.. A diferencia del THC o Sativanol (STV), no produce efectos de \u00absubid\u00f3n\u00bb o intoxicaci\u00f3n, siendo valorado por sus propiedades medicinales, incluyendo efectos antiinflamatorios, analg\u00e9sicos, ansiol\u00edticos y relajantes. Es seguro, no adictivo y se usa com\u00fanmente en aceites, cremas y c\u00e1psulas.<\/span><\/p>\n<h2><span style=\"font-family: poppins-normal;\">Apariencia<\/span><\/h2>\n<p><span style=\"font-family: poppins-normal;\"><b>La flor de Gorilla Glue presentan un color verde con muchos tricomas<\/b>, debido a las t\u00e9cnicas de cultivo utilizadas. Son de tama\u00f1o medio a grande, voluminosos y con una abundante cantidad de resina, lo que les otorga una textura pegajosa y brillante.<\/span><\/p>\n<h2><span style=\"font-family: poppins-normal;\">Aroma<\/span><\/h2>\n<p><span style=\"font-family: poppins-normal;\">Una mezcla de aromas c\u00edtricos, a pino y terrosos.<\/span><\/p>\n<h2><span style=\"font-family: poppins-normal;\">Origen<\/span><\/h2>\n<p><span style=\"font-family: poppins-normal;\">Elaborado a partir de c\u00e1\u00f1amo europeo seleccionado, siguiendo m\u00e9todos tradicionales marroqu\u00edes, combinado con STV, un cannabinoide moderno que ofrece una experiencia alternativa, sin efectos psicoactivos y totalmente legal.<\/span><\/p>\n<h2><span style=\"font-family: poppins-normal;\">Calidad y seguridad<\/span><\/h2>\n<p><span style=\"font-family: poppins-normal;\">En <strong>Sativanol.es<\/strong> solo trabajamos con productos naturales, sin qu\u00edmicos ni pesticidas. Cada lote de nuestros productos pasa controles de laboratorio para garantizar su pureza y cumplir con los est\u00e1ndares legales de THC (&lt; 0,2%).<\/span><\/p>\n<\/section>\n<p>&nbsp;<\/p>\n<ul>\n<li><span style=\"font-family: poppins-normal;\">Producto legal y seguro, con menos del 0,2% de THC.<\/span><\/li>\n<li><span style=\"font-family: poppins-normal;\">Sin qu\u00edmicos ni aditivos artificiales.<\/span><\/li>\n<li><span style=\"font-family: poppins-normal;\">Calidad testada por laboratorios independientes.<\/span><\/li>\n<li><span style=\"font-family: poppins-normal;\">Compra online r\u00e1pida y f\u00e1cil, con env\u00edo discreto.<\/span><\/li>\n<li><span style=\"font-family: poppins-normal;\">Ideal para consumidores exigentes y amantes del CBD premium.<\/span><\/li>\n<\/ul>\n","protected":false},"excerpt":{"rendered":"<p><span style=\"font-family: poppins-normal;\"><strong>Gorilla Glue CBD <\/strong>de Sativanol.es es una planta que sorprende por sus caracter\u00edsticas, gran sabor muy intenso, aunque su olor no la desenmascare, una vez se empieza a consumir el sabor c\u00edtrico se hace muy notable a\u00f1adi\u00e9ndole regusto a pino con toques diesel y terrosos. Una variedad que no te dejar\u00e1 indiferente.<\/span><\/p>\n","protected":false},"featured_media":797,"comment_status":"open","ping_status":"closed","template":"","meta":{"_themeisle_gutenberg_block_has_review":false},"product_brand":[],"product_cat":[41,18],"product_tag":[],"class_list":{"0":"post-791","1":"product","2":"type-product","3":"status-publish","4":"has-post-thumbnail","6":"product_cat-cbd","7":"product_cat-flores","9":"first","10":"instock","11":"taxable","12":"shipping-taxable","13":"purchasable","14":"product-type-variable"},"_links":{"self":[{"href":"https:\/\/www.sativanol.es\/index.php\/wp-json\/wp\/v2\/product\/791","targetHints":{"allow":["GET"]}}],"collection":[{"href":"https:\/\/www.sativanol.es\/index.php\/wp-json\/wp\/v2\/product"}],"about":[{"href":"https:\/\/www.sativanol.es\/index.php\/wp-json\/wp\/v2\/types\/product"}],"replies":[{"embeddable":true,"href":"https:\/\/www.sativanol.es\/index.php\/wp-json\/wp\/v2\/comments?post=791"}],"wp:featuredmedia":[{"embeddable":true,"href":"https:\/\/www.sativanol.es\/index.php\/wp-json\/wp\/v2\/media\/797"}],"wp:attachment":[{"href":"https:\/\/www.sativanol.es\/index.php\/wp-json\/wp\/v2\/media?parent=791"}],"wp:term":[{"taxonomy":"product_brand","embeddable":true,"href":"https:\/\/www.sativanol.es\/index.php\/wp-json\/wp\/v2\/product_brand?post=791"},{"taxonomy":"product_cat","embeddable":true,"href":"https:\/\/www.sativanol.es\/index.php\/wp-json\/wp\/v2\/product_cat?post=791"},{"taxonomy":"product_tag","embeddable":true,"href":"https:\/\/www.sativanol.es\/index.php\/wp-json\/wp\/v2\/product_tag?post=791"}],"curies":[{"name":"wp","href":"https:\/\/api.w.org\/{rel}","templated":true}]}}